{"id":76,"date":"2017-09-15T15:40:45","date_gmt":"2017-09-15T13:40:45","guid":{"rendered":"http:\/\/jcarmand.com\/forum\/term-condition\/"},"modified":"2020-06-21T13:53:50","modified_gmt":"2020-06-21T11:53:50","slug":"term-condition","status":"publish","type":"page","link":"https:\/\/www.jcarmand.com\/forum\/term-condition\/","title":{"rendered":"Conditions G\u00e9n\u00e9rales d&rsquo;Utilisation"},"content":{"rendered":"<p><b>Conditions d&rsquo;utilisation du Forum JCA &amp; Associ\u00e9s<\/b>\u00a0(Mise \u00e0 jour du 15 septembre 2017)<\/p>\n<p>Merci de prendre un instant pour passer en revue les r\u00e8gles d\u00e9taill\u00e9es ci-dessous.<br \/>\nL&rsquo;utilisation du Forum JCA &amp; Associ\u00e9s, en tant que membre ou simple utilisateur, implique l&rsquo;adh\u00e9sion enti\u00e8re et inconditionnelle aux conditions ci-dessous.<\/p>\n<p><b>ART1. Pr\u00e9sentation.<\/b><\/p>\n<p>Le Forum JCA &amp; Associ\u00e9s est un site Internet fran\u00e7ais gratuit, ouvert \u00e0 tous. Les frais relatifs \u00e0 l&rsquo;acc\u00e8s au site (connexion Internet et \u00e9quipements informatiques) quels qu&rsquo;ils soient, sont \u00e0 la charge de l&rsquo;utilisateur.<br \/>\nEn p\u00e9n\u00e9trant sur ce Forum, vous certifiez \u00eatre \u00e2g\u00e9 de 13 ans ou plus.<\/p>\n<p>Le Forum JCA &amp; Associ\u00e9s est le Forum de conseils en fiscalit\u00e9 et expertise-comptable de Jean-Claude Armand &amp; Associ\u00e9s (www.jcarmand.com).<\/p>\n<p><b>ART2. Donn\u00e9es personnelles.<\/b><\/p>\n<p>Les informations \u00e0 renseigner \u00e0 l&rsquo;inscription ne seront utilis\u00e9es qu&rsquo;\u00e0 titre indicatif. Aucune information civile (nom, adresses, num\u00e9ros de t\u00e9l\u00e9phone) n&rsquo;est exig\u00e9e.<br \/>\nPseudo, mot de passe et adresse e-mail sont les seules informations \u00e0 renseigner obligatoirement \u00e0 l&rsquo;inscription.<br \/>\nChaque membre garantit sur l&rsquo;honneur l&rsquo;exactitude des informations fournies.<br \/>\nChaque membre s&rsquo;engage \u00e0 ne cr\u00e9er qu&rsquo;un seul compte.<br \/>\nConform\u00e9ment \u00e0 la loi \u00ab informatique et libert\u00e9s \u00bb du 6 janvier 1978 modifi\u00e9e en 2004, vous b\u00e9n\u00e9ficiez d\u2019un droit d\u2019acc\u00e8s et de rectification aux informations qui vous concernent, que vous pouvez exercer en vous adressant \u00e0 Jean-Claude Armand \/ jca@jcarmand.com ou en acc\u00e9dant \u00e0 votre page de gestion de profil une fois connect\u00e9 \u00e0 notre Forum.<\/p>\n<p><b>ART3. Contenu de vos participations.<\/b><\/p>\n<p>Par participation, nous sous entendons l&rsquo;ensemble des services propos\u00e9s (Forum, blogs, pages personnelles, chat, messagerie, \u2026 )<\/p>\n<p>Vos participations ne devront:<br \/>\n&#8211; contenir aucun caract\u00e8re incitant \u00e0 la haine,<br \/>\n&#8211; contenir aucun caract\u00e8re diffamant,<br \/>\n&#8211; contenir aucun caract\u00e8re mena\u00e7ant,<br \/>\n&#8211; contenir aucun caract\u00e8re ill\u00e9gal ou allant \u00e0 l&rsquo;encontre de n&rsquo;importe quelle loi d&rsquo;une quelconque mani\u00e8re,<br \/>\n&#8211; contenir aucun caract\u00e8re publicitaire; Il est \u00e0 noter que les liens de sites Internet rentrent dans le cadre de la publicit\u00e9. Les liens vers d&rsquo;autres sites seront tol\u00e9r\u00e9s selon l&rsquo;appr\u00e9ciation des administrateurs et des mod\u00e9rateurs du Forum.<br \/>\n&#8211; contenir aucune propagande (religieuse, politique, \u2026 )<br \/>\n&#8211; contenir aucun caract\u00e8re sexuel (Erotique, Pornographique, poses obsc\u00e8nes ou provocantes, \u2026) en dehors des rubriques d\u00e9di\u00e9es,<br \/>\n&#8211; contenir aucune information personnelle (nom, adresse, e-mail, t\u00e9l\u00e9phone \u2026), mise \u00e0 part dans le cadre d&rsquo;une discussion portant sur des personnes publiques,<br \/>\n&#8211; pas r\u00e9v\u00e9ler le nom d&rsquo;un des intervenants,<br \/>\n&#8211; pas critiquer ou juger l&rsquo;int\u00e9r\u00eat d&rsquo;un topic ou d&rsquo;un participant. Si un sujet de discussion ne vous int\u00e9resse pas, n&rsquo;y r\u00e9pondez pas,<br \/>\n&#8211; \u00eatre \u00e9crits en SMS. L&rsquo;utilisation d&rsquo;abr\u00e9viations est tol\u00e9r\u00e9e.<\/p>\n<p>Le flood (Exemple: les messages objectivement inutiles, tel le hors-sujet et les messages personnels) et le troll (Exemple: un avis non construit ne d\u00e9passant pas une phrase dans un sujet de d\u00e9bat ou autre message destin\u00e9 \u00e0 faire d\u00e9river une discussion) sont strictement interdits.<\/p>\n<p>L&rsquo;utilisation que vous ferez des services ne devra pas \u00eatre :<br \/>\n&#8211; abusive (multiplication de messages, sujets&#8230;),<br \/>\n&#8211; malhonn\u00eate (destin\u00e9e \u00e0 ne pas respecter les r\u00e8gles propres \u00e0 chaque service).<\/p>\n<p>Vous vous engagez, par l&rsquo;utilisation de ce service, \u00e0 ne pas publier de contenu ne se conformant pas aux droits d&rsquo;auteur ou aux licences d&rsquo;exploitation.<br \/>\nVous vous engagez \u00e0 ne pas poster de contenu en rapport avec l&rsquo;utilisation de contenus frauduleux, pirates, ou contrefaits.<br \/>\nVous vous engagez \u00e0 ne pas poster de contenu ne respectant pas la l\u00e9gislation fran\u00e7aise en vigueur.<br \/>\nVous vous engagez enfin, sur l&rsquo;honneur, \u00e0 ne pas contrevenir aux deux points suscit\u00e9s en abusant de l&rsquo;utilisation de notre politique sur le contenu.<br \/>\nDe plus, le Forum JCA &amp; Associ\u00e9s\u00a0n&rsquo;\u00e9tant pas la vitrine d&rsquo;un parti politique ou d&rsquo;une religion particuli\u00e8re, nous n&rsquo;accepterons aucune propagande.<\/p>\n<p><b>ART4. Sanction en cas de non-respect des conditions d&rsquo;utilisation.<\/b><\/p>\n<p>En cas de non-respect du r\u00e8glement, voici les sanctions possibles :<br \/>\n&#8211; mise en garde par un membre de l&rsquo;Equipe,<br \/>\n&#8211; avertissement,<br \/>\n&#8211; avertissement avec d\u00e9sactivation temporaire du compte,<br \/>\n&#8211; bannissement du Forum.<\/p>\n<p>En fonction de la faute commise et de l&rsquo;anciennet\u00e9 du membre, la sanction peut varier.<br \/>\nUn nouveau membre multipliant les messages publicitaires sera imm\u00e9diatement banni.<\/p>\n<p>Dans le cas o\u00f9 un membre est averti, son avertissement lui sera retir\u00e9 au minimum 1 mois apr\u00e8s les faits reproch\u00e9s, si son attitude a chang\u00e9.<br \/>\nAu 5e avertissement, un membre est banni.<\/p>\n<p>Un membre banni est d\u00e9finitivement banni et ne sera plus accept\u00e9 sur notre plateforme .<\/p>\n<p><b>ART5. Responsabilit\u00e9s.<\/b><\/p>\n<p>La mod\u00e9ration a posteriori ne permet pas \u00e0\u00a0JCA &amp; Associ\u00e9s\u00a0d&rsquo;\u00eatre tenu responsable des messages post\u00e9s, nous ne garantissons ni l&rsquo;exactitude, ni la v\u00e9racit\u00e9, ni la valeur officielle d&rsquo;aucun message.<br \/>\nJCA &amp; Associ\u00e9s\u00a0s&rsquo;engage \u00e0 intervenir en cas d&rsquo;alerte dans les plus brefs d\u00e9lais.<br \/>\nLes outils de mise en forme, de mise en valeur, ou les zones de visualisation optimis\u00e9es, comme celles utilis\u00e9es en haut de chaque index, ne sont l\u00e0 qu&rsquo;\u00e0 titre indicatif. Celles-ci sont destin\u00e9es \u00e0 mettre en valeur certains messages, mais ne constituent en aucun cas une adh\u00e9sion \u00e0 leur contenu, une approbation ou un report des responsabilit\u00e9s.<\/p>\n<p>Tout message contrevenant aux r\u00e8gles ci-pr\u00e9sentes, \u00e0 la loi ou \u00e0 tout autre code de conduite, n&rsquo;engage que la responsabilit\u00e9 de leur auteur.<\/p>\n<p>Bien que contr\u00f4l\u00e9 au mieux, avec une volont\u00e9 d&rsquo;optimiser les d\u00e9lais et les conditions de contr\u00f4le sur le contenu, par des ayants droit du Forum, le terme \u00ab\u00a0mod\u00e9ration\u00a0\u00bb ne signifie pas que JCA &amp; Associ\u00e9s ou les ayants droit du Forum disposent d&rsquo;un contr\u00f4le total sur les messages du Forum.<br \/>\nN&rsquo;importe quel utilisateur qui estime qu&rsquo;un message envoy\u00e9 est r\u00e9pr\u00e9hensible, est encourag\u00e9 \u00e0 nous contacter imm\u00e9diatement par e-mail ou \u00e0 l&rsquo;aide de l&rsquo;outil d&rsquo;alerte mis \u00e0 disposition.<\/p>\n<p>Dans ce souci d&rsquo;optimisation du contr\u00f4le sur le contenu, JCA &amp; Associ\u00e9s\u00a0s&rsquo;autorise \u00e0 supprimer, modifier, d\u00e9placer, tout message du Forum qui serait jug\u00e9 contrevenant au bon fonctionnement du Forum, sans pr\u00e9avis, \u00e0 supprimer, modifier ou suspendre tout compte de membre ou \u00e0 d\u00e9l\u00e9guer ces droits \u00e0 certains membres, groupes, d\u00e9finissant le terme \u00ab\u00a0ayants droit\u00a0\u00bb suscit\u00e9.<br \/>\nAfin de respecter les pr\u00e9sentes conditions d&rsquo;utilisation, les adresses IPs sont enregistr\u00e9es.<br \/>\nDans l&rsquo;optique du r\u00f4le qui leur est assign\u00e9, les ayants droit de JCA &amp; Associ\u00e9s\u00a0ne sont pas tenus de justifier leurs actions. Si une contestation semble n\u00e9cessaire, celle-ci devra se faire obligatoirement par Message Priv\u00e9. Le ou les membres de l&rsquo;\u00e9quipe contact\u00e9s se r\u00e9servent le droit de r\u00e9pondre au message.<\/p>\n<p><b>ART6. Droit Applicable.<\/b><\/p>\n<p>Toute contribution sur le Forum JCA &amp; Associ\u00e9s\u00a0est r\u00e9gie par le Code de la propri\u00e9t\u00e9 Intellectuelle. Chaque participant restant le propri\u00e9taire de ses messages.<\/p>\n<p>En publiant des contributions (Messages, Sujets, Articles, &#8230;), vous autorisez, \u00e0 titre gracieux, leur reproduction et leur diffusion sur notre Forum pour le monde entier et pour la dur\u00e9e la plus longue pr\u00e9vue par la loi fran\u00e7aise en vigueur et vous autorisez notre Forum\u00a0\u00e0 r\u00e9f\u00e9rencer le contenu de vos contributions sur les diff\u00e9rents moteurs de recherche.<br \/>\nVous autorisez les diff\u00e9rents membres \u00e0 citer l&rsquo;int\u00e9gralit\u00e9 de vos messages en utilisant le syst\u00e8me de citation mis \u00e0 disposition.<\/p>\n<p>Vous renoncez \u00e0 poursuivre JCA &amp; Associ\u00e9s\u00a0suite \u00e0 un probl\u00e8me ou dommage caus\u00e9 par un autre utilisateur en violation des conditions g\u00e9n\u00e9rales d&rsquo;utilisation.<\/p>\n<p>Conform\u00e9ment \u00e0 l&rsquo;article 6-IV de la loi n\u00b02004-575 et au D\u00e9cret n\u00b02007-1527 toute personne physique ou morale pourra b\u00e9n\u00e9ficier d&rsquo;un droit de r\u00e9ponse.<\/p>\n<p><b>ART7. Cookies.<\/b><\/p>\n<p>Le Forum JCA &amp; Associ\u00e9s est amen\u00e9 \u00e0 enregistrer des cookies sur votre navigateur afin de conserver vos pr\u00e9f\u00e9rences de navigation.<br \/>\nVous pouvez vous opposer \u00e0 cet enregistrement via les pr\u00e9f\u00e9rences de votre navigateur.<\/p>\n<p><b>ART8. Politique sur le contenu.<\/b><\/p>\n<p>Les us et coutumes des forums francophones, de mani\u00e8re g\u00e9n\u00e9rale, autorisent (tacitement et) majoritairement le colportage de contenu \u00e0 caract\u00e8re informatif.<br \/>\nJCA &amp; Associ\u00e9s\u00a0b\u00e9n\u00e9ficie des m\u00eames dispositions et le contenu \u00e0 caract\u00e8re informatif publi\u00e9 par les utilisateurs est donc g\u00e9n\u00e9ralement tol\u00e9r\u00e9.<br \/>\nJCA &amp; Associ\u00e9s\u00a0s&rsquo;engage moralement \u00e0 ne pas autoriser la publication de travaux r\u00e9dactionnels ou tendant \u00e0 un effort de r\u00e9daction, prot\u00e9g\u00e9s par le droit d&rsquo;auteur, sans accord des dits auteurs.<\/p>\n<p>Si n\u00e9anmoins un \u00e9diteur informatif, site internet, ou toute autre source journalistique souhaitait attirer notre attention sur certains contenus publi\u00e9s par les utilisateurs, nous l&rsquo;encourageons \u00e0 nous contacter.<\/p>\n<p><b>Mentions L\u00e9gales<\/b><\/p>\n<p>Conform\u00e9ment \u00e0 la loi \u00ab informatique et libert\u00e9s \u00bb du 6 janvier 1978 modifi\u00e9e en 2004, vous b\u00e9n\u00e9ficiez d\u2019un droit d\u2019acc\u00e8s et de rectification aux informations qui vous concernent, que vous pouvez exercer en vous adressant \u00e0 JCA &amp; Associ\u00e9s\u00a0dont les coordonn\u00e9es sont ci-dessous.<\/p>\n<p><span class=\"Apple-style-span\" style=\"font-size: small;\">Vous pouvez \u00e9galement, pour des motifs l\u00e9gitimes, vous opposer au traitement des donn\u00e9es vous concernant.<\/span><\/p>\n<p><em>H\u00e9bergement :<\/em><\/p>\n<p>H\u00e9bergeur : SOCIETE OVH<br \/>\n2 rue Kellerman \u2013 59100 Roubaix Cedex<br \/>\nSite web : <a href=\"http:\/\/www.ovh.com\/\" target=\"_blank\"  rel=\"nofollow\" >www.ovh.com<\/a><\/p>\n","protected":false},"excerpt":{"rendered":"<p>Conditions d&rsquo;utilisation du Forum JCA &amp; Associ\u00e9s\u00a0(Mise \u00e0 jour du 15 septembre 2017) Merci de prendre un instant pour passer en revue les r\u00e8gles d\u00e9taill\u00e9es ci-dessous. L&rsquo;utilisation du Forum JCA &amp; Associ\u00e9s, en tant que membre ou simple utilisateur, implique l&rsquo;adh\u00e9sion enti\u00e8re et inconditionnelle aux conditions ci-dessous. ART1. Pr\u00e9sentation. Le Forum JCA &amp; Associ\u00e9s est [&hellip;]<\/p>\n","protected":false},"author":1,"featured_media":0,"parent":0,"menu_order":0,"comment_status":"closed","ping_status":"closed","template":"page-term-condition.php","meta":{"footnotes":""},"class_list":["post-76","page","type-page","status-publish","hentry"],"yoast_head":"<!-- This site is optimized with the Yoast SEO plugin v23.8 - https:\/\/yoast.com\/wordpress\/plugins\/seo\/ -->\n<title>Conditions G\u00e9n\u00e9rales d&#039;Utilisation - Forum Expert-Comptable Paris - Jean-Claude Armand &amp; Associ\u00e9s<\/title>\n<meta name=\"robots\" content=\"noindex, nofollow\" \/>\n<meta property=\"og:locale\" content=\"fr_FR\" \/>\n<meta property=\"og:type\" content=\"article\" \/>\n<meta property=\"og:title\" content=\"Conditions G\u00e9n\u00e9rales d&#039;Utilisation - Forum Expert-Comptable Paris - Jean-Claude Armand &amp; Associ\u00e9s\" \/>\n<meta property=\"og:description\" content=\"Conditions d&rsquo;utilisation du Forum JCA &amp; Associ\u00e9s\u00a0(Mise \u00e0 jour du 15 septembre 2017) Merci de prendre un instant pour passer en revue les r\u00e8gles d\u00e9taill\u00e9es ci-dessous. L&rsquo;utilisation du Forum JCA &amp; Associ\u00e9s, en tant que membre ou simple utilisateur, implique l&rsquo;adh\u00e9sion enti\u00e8re et inconditionnelle aux conditions ci-dessous. ART1. Pr\u00e9sentation. Le Forum JCA &amp; Associ\u00e9s est [&hellip;]\" \/>\n<meta property=\"og:url\" content=\"https:\/\/www.jcarmand.com\/forum\/term-condition\/\" \/>\n<meta property=\"og:site_name\" content=\"Forum Expert-Comptable Paris - Jean-Claude Armand &amp; Associ\u00e9s\" \/>\n<meta property=\"article:publisher\" content=\"https:\/\/www.facebook.com\/jcarmand.associes\" \/>\n<meta property=\"article:modified_time\" content=\"2020-06-21T11:53:50+00:00\" \/>\n<meta name=\"twitter:card\" content=\"summary_large_image\" \/>\n<meta name=\"twitter:site\" content=\"@ArmandJca\" \/>\n<meta name=\"twitter:label1\" content=\"Dur\u00e9e de lecture estim\u00e9e\" \/>\n\t<meta name=\"twitter:data1\" content=\"8 minutes\" \/>\n<script type=\"application\/ld+json\" class=\"yoast-schema-graph\">{\"@context\":\"https:\/\/schema.org\",\"@graph\":[{\"@type\":\"WebPage\",\"@id\":\"https:\/\/www.jcarmand.com\/forum\/term-condition\/\",\"url\":\"https:\/\/www.jcarmand.com\/forum\/term-condition\/\",\"name\":\"Conditions G\u00e9n\u00e9rales d'Utilisation - Forum Expert-Comptable Paris - Jean-Claude Armand &amp; Associ\u00e9s\",\"isPartOf\":{\"@id\":\"https:\/\/www.jcarmand.com\/forum\/#website\"},\"datePublished\":\"2017-09-15T13:40:45+00:00\",\"dateModified\":\"2020-06-21T11:53:50+00:00\",\"breadcrumb\":{\"@id\":\"https:\/\/www.jcarmand.com\/forum\/term-condition\/#breadcrumb\"},\"inLanguage\":\"fr-FR\",\"potentialAction\":[{\"@type\":\"ReadAction\",\"target\":[\"https:\/\/www.jcarmand.com\/forum\/term-condition\/\"]}]},{\"@type\":\"BreadcrumbList\",\"@id\":\"https:\/\/www.jcarmand.com\/forum\/term-condition\/#breadcrumb\",\"itemListElement\":[{\"@type\":\"ListItem\",\"position\":1,\"name\":\"Accueil\",\"item\":\"https:\/\/www.jcarmand.com\/forum\/\"},{\"@type\":\"ListItem\",\"position\":2,\"name\":\"Conditions G\u00e9n\u00e9rales d&rsquo;Utilisation\"}]},{\"@type\":\"WebSite\",\"@id\":\"https:\/\/www.jcarmand.com\/forum\/#website\",\"url\":\"https:\/\/www.jcarmand.com\/forum\/\",\"name\":\"Forum Expert-Comptable Paris - Jean-Claude Armand &amp; Associ\u00e9s\",\"description\":\"Posez vos questions \u00e0 nos expert-comptables\",\"potentialAction\":[{\"@type\":\"SearchAction\",\"target\":{\"@type\":\"EntryPoint\",\"urlTemplate\":\"https:\/\/www.jcarmand.com\/forum\/?s={search_term_string}\"},\"query-input\":{\"@type\":\"PropertyValueSpecification\",\"valueRequired\":true,\"valueName\":\"search_term_string\"}}],\"inLanguage\":\"fr-FR\"}]}<\/script>\n<!-- \/ Yoast SEO plugin. -->","yoast_head_json":{"title":"Conditions G\u00e9n\u00e9rales d'Utilisation - Forum Expert-Comptable Paris - Jean-Claude Armand &amp; Associ\u00e9s","robots":{"index":"noindex","follow":"nofollow"},"og_locale":"fr_FR","og_type":"article","og_title":"Conditions G\u00e9n\u00e9rales d'Utilisation - Forum Expert-Comptable Paris - Jean-Claude Armand &amp; Associ\u00e9s","og_description":"Conditions d&rsquo;utilisation du Forum JCA &amp; Associ\u00e9s\u00a0(Mise \u00e0 jour du 15 septembre 2017) Merci de prendre un instant pour passer en revue les r\u00e8gles d\u00e9taill\u00e9es ci-dessous. L&rsquo;utilisation du Forum JCA &amp; Associ\u00e9s, en tant que membre ou simple utilisateur, implique l&rsquo;adh\u00e9sion enti\u00e8re et inconditionnelle aux conditions ci-dessous. ART1. Pr\u00e9sentation. Le Forum JCA &amp; Associ\u00e9s est [&hellip;]","og_url":"https:\/\/www.jcarmand.com\/forum\/term-condition\/","og_site_name":"Forum Expert-Comptable Paris - Jean-Claude Armand &amp; Associ\u00e9s","article_publisher":"https:\/\/www.facebook.com\/jcarmand.associes","article_modified_time":"2020-06-21T11:53:50+00:00","twitter_card":"summary_large_image","twitter_site":"@ArmandJca","twitter_misc":{"Dur\u00e9e de lecture estim\u00e9e":"8 minutes"},"schema":{"@context":"https:\/\/schema.org","@graph":[{"@type":"WebPage","@id":"https:\/\/www.jcarmand.com\/forum\/term-condition\/","url":"https:\/\/www.jcarmand.com\/forum\/term-condition\/","name":"Conditions G\u00e9n\u00e9rales d'Utilisation - Forum Expert-Comptable Paris - Jean-Claude Armand &amp; Associ\u00e9s","isPartOf":{"@id":"https:\/\/www.jcarmand.com\/forum\/#website"},"datePublished":"2017-09-15T13:40:45+00:00","dateModified":"2020-06-21T11:53:50+00:00","breadcrumb":{"@id":"https:\/\/www.jcarmand.com\/forum\/term-condition\/#breadcrumb"},"inLanguage":"fr-FR","potentialAction":[{"@type":"ReadAction","target":["https:\/\/www.jcarmand.com\/forum\/term-condition\/"]}]},{"@type":"BreadcrumbList","@id":"https:\/\/www.jcarmand.com\/forum\/term-condition\/#breadcrumb","itemListElement":[{"@type":"ListItem","position":1,"name":"Accueil","item":"https:\/\/www.jcarmand.com\/forum\/"},{"@type":"ListItem","position":2,"name":"Conditions G\u00e9n\u00e9rales d&rsquo;Utilisation"}]},{"@type":"WebSite","@id":"https:\/\/www.jcarmand.com\/forum\/#website","url":"https:\/\/www.jcarmand.com\/forum\/","name":"Forum Expert-Comptable Paris - Jean-Claude Armand &amp; Associ\u00e9s","description":"Posez vos questions \u00e0 nos expert-comptables","potentialAction":[{"@type":"SearchAction","target":{"@type":"EntryPoint","urlTemplate":"https:\/\/www.jcarmand.com\/forum\/?s={search_term_string}"},"query-input":{"@type":"PropertyValueSpecification","valueRequired":true,"valueName":"search_term_string"}}],"inLanguage":"fr-FR"}]}},"_links":{"self":[{"href":"https:\/\/www.jcarmand.com\/forum\/wp-json\/wp\/v2\/pages\/76","targetHints":{"allow":["GET"]}}],"collection":[{"href":"https:\/\/www.jcarmand.com\/forum\/wp-json\/wp\/v2\/pages"}],"about":[{"href":"https:\/\/www.jcarmand.com\/forum\/wp-json\/wp\/v2\/types\/page"}],"author":[{"embeddable":true,"href":"https:\/\/www.jcarmand.com\/forum\/wp-json\/wp\/v2\/users\/1"}],"replies":[{"embeddable":true,"href":"https:\/\/www.jcarmand.com\/forum\/wp-json\/wp\/v2\/comments?post=76"}],"version-history":[{"count":3,"href":"https:\/\/www.jcarmand.com\/forum\/wp-json\/wp\/v2\/pages\/76\/revisions"}],"predecessor-version":[{"id":130,"href":"https:\/\/www.jcarmand.com\/forum\/wp-json\/wp\/v2\/pages\/76\/revisions\/130"}],"wp:attachment":[{"href":"https:\/\/www.jcarmand.com\/forum\/wp-json\/wp\/v2\/media?parent=76"}],"curies":[{"name":"wp","href":"https:\/\/api.w.org\/{rel}","templated":true}]}}