{"id":7,"date":"2017-07-14T11:51:52","date_gmt":"2017-07-14T09:51:52","guid":{"rendered":"http:\/\/jcarmand.com\/forum\/?page_id=7"},"modified":"2017-09-15T15:29:44","modified_gmt":"2017-09-15T13:29:44","slug":"plan-site-expert-comptable-paris","status":"publish","type":"page","link":"https:\/\/www.jcarmand.com\/forum\/plan-site-expert-comptable-paris\/","title":{"rendered":"Plan du site"},"content":{"rendered":"<div class=\"wsp-container\"><h2 class=\"wsp-pages-title\">Pages<\/h2>\n<ul class=\"wsp-pages-list\">\n<li class=\"page_item page-item-22\"><a href=\"https:\/\/www.jcarmand.com\/forum\/authentication\/\">Authentification<\/a><\/li>\n<li class=\"page_item page-item-26 current_page_parent\"><a href=\"https:\/\/www.jcarmand.com\/forum\/blog\/\">Blog<\/a><\/li>\n<li class=\"page_item page-item-20\"><a href=\"https:\/\/www.jcarmand.com\/forum\/change-password\/\">Changer votre mot de passe<\/a><\/li>\n<li class=\"page_item page-item-76\"><a href=\"https:\/\/www.jcarmand.com\/forum\/term-condition\/\">Conditions G\u00e9n\u00e9rales d&rsquo;Utilisation<\/a><\/li>\n<li class=\"page_item page-item-21\"><a href=\"https:\/\/www.jcarmand.com\/forum\/create-new-password\/\">Cr\u00e9er nouveau mot de passe<\/a><\/li>\n<li class=\"page_item page-item-34\"><a href=\"https:\/\/www.jcarmand.com\/forum\/dashboard\/\">dashboard<\/a><\/li>\n<li class=\"page_item page-item-80\"><a href=\"https:\/\/www.jcarmand.com\/forum\/dashboard-2\/\">dashboard<\/a><\/li>\n<li class=\"page_item page-item-18\"><a href=\"https:\/\/www.jcarmand.com\/forum\/pending-threads\/\">Discussions en attente<\/a><\/li>\n<li class=\"page_item page-item-17\"><a href=\"https:\/\/www.jcarmand.com\/forum\/following-threads\/\">Discussions suivies<\/a><\/li>\n<li class=\"page_item page-item-19\"><a href=\"https:\/\/www.jcarmand.com\/forum\/edit-profile\/\">Editer votre profil<\/a><\/li>\n<li class=\"page_item page-item-25\"><a href=\"https:\/\/www.jcarmand.com\/forum\/\">Forum Expert-Comptable Paris &#8211; JCA &#038; Associ\u00e9s<\/a><\/li>\n<li class=\"page_item page-item-27\"><a href=\"https:\/\/www.jcarmand.com\/forum\/login\/\">login<\/a><\/li>\n<li class=\"page_item page-item-23\"><a href=\"https:\/\/www.jcarmand.com\/forum\/member\/\">Member<\/a><\/li>\n<li class=\"page_item page-item-9\"><a href=\"https:\/\/www.jcarmand.com\/forum\/mentions-legales-expert-comptable-paris\/\">Mentions L\u00e9gales<\/a><\/li>\n<li class=\"page_item page-item-39\"><a href=\"https:\/\/www.jcarmand.com\/forum\/forgot-password\/\">Mot de passe oubli\u00e9<\/a><\/li>\n<\/ul>\n<\/div>\n","protected":false},"excerpt":{"rendered":"","protected":false},"author":1,"featured_media":57,"parent":0,"menu_order":0,"comment_status":"closed","ping_status":"closed","template":"","meta":{"footnotes":""},"class_list":["post-7","page","type-page","status-publish","has-post-thumbnail","hentry"],"yoast_head":"<!-- This site is optimized with the Yoast SEO plugin v23.8 - https:\/\/yoast.com\/wordpress\/plugins\/seo\/ -->\n<title>Plan du site - Forum Expert-Comptable Paris - Jean-Claude Armand &amp; Associ\u00e9s<\/title>\n<meta name=\"description\" content=\"Plan du Site du Forum de JCA &amp; Associ\u00e9s, forum expert-comptable Paris. Espace d&#039;\u00e9changes gratuit sur la fiscalit\u00e9, la finance et l&#039;expertise-comptable.\" \/>\n<meta name=\"robots\" content=\"index, follow, max-snippet:-1, max-image-preview:large, max-video-preview:-1\" \/>\n<link rel=\"canonical\" href=\"https:\/\/www.jcarmand.com\/forum\/plan-site-expert-comptable-paris\/\" \/>\n<meta property=\"og:locale\" content=\"fr_FR\" \/>\n<meta property=\"og:type\" content=\"article\" \/>\n<meta property=\"og:title\" content=\"Plan du site - Forum Expert-Comptable Paris - Jean-Claude Armand &amp; Associ\u00e9s\" \/>\n<meta property=\"og:description\" content=\"Plan du Site du Forum de JCA &amp; Associ\u00e9s, forum expert-comptable Paris. Espace d&#039;\u00e9changes gratuit sur la fiscalit\u00e9, la finance et l&#039;expertise-comptable.\" \/>\n<meta property=\"og:url\" content=\"https:\/\/www.jcarmand.com\/forum\/plan-site-expert-comptable-paris\/\" \/>\n<meta property=\"og:site_name\" content=\"Forum Expert-Comptable Paris - Jean-Claude Armand &amp; Associ\u00e9s\" \/>\n<meta property=\"article:publisher\" content=\"https:\/\/www.facebook.com\/jcarmand.associes\" \/>\n<meta property=\"article:modified_time\" content=\"2017-09-15T13:29:44+00:00\" \/>\n<meta property=\"og:image\" content=\"https:\/\/www.jcarmand.com\/forum\/wp-content\/uploads\/2017\/07\/opengraph-forum-expert-comptable-paris.jpg\" \/>\n\t<meta property=\"og:image:width\" content=\"600\" \/>\n\t<meta property=\"og:image:height\" content=\"314\" \/>\n\t<meta property=\"og:image:type\" content=\"image\/jpeg\" \/>\n<meta name=\"twitter:card\" content=\"summary_large_image\" \/>\n<meta name=\"twitter:site\" content=\"@ArmandJca\" \/>\n<script type=\"application\/ld+json\" class=\"yoast-schema-graph\">{\"@context\":\"https:\/\/schema.org\",\"@graph\":[{\"@type\":\"WebPage\",\"@id\":\"https:\/\/www.jcarmand.com\/forum\/plan-site-expert-comptable-paris\/\",\"url\":\"https:\/\/www.jcarmand.com\/forum\/plan-site-expert-comptable-paris\/\",\"name\":\"Plan du site - Forum Expert-Comptable Paris - Jean-Claude Armand &amp; Associ\u00e9s\",\"isPartOf\":{\"@id\":\"https:\/\/www.jcarmand.com\/forum\/#website\"},\"primaryImageOfPage\":{\"@id\":\"https:\/\/www.jcarmand.com\/forum\/plan-site-expert-comptable-paris\/#primaryimage\"},\"image\":{\"@id\":\"https:\/\/www.jcarmand.com\/forum\/plan-site-expert-comptable-paris\/#primaryimage\"},\"thumbnailUrl\":\"https:\/\/www.jcarmand.com\/forum\/wp-content\/uploads\/2017\/07\/opengraph-forum-expert-comptable-paris.jpg\",\"datePublished\":\"2017-07-14T09:51:52+00:00\",\"dateModified\":\"2017-09-15T13:29:44+00:00\",\"description\":\"Plan du Site du Forum de JCA & Associ\u00e9s, forum expert-comptable Paris. Espace d'\u00e9changes gratuit sur la fiscalit\u00e9, la finance et l'expertise-comptable.\",\"breadcrumb\":{\"@id\":\"https:\/\/www.jcarmand.com\/forum\/plan-site-expert-comptable-paris\/#breadcrumb\"},\"inLanguage\":\"fr-FR\",\"potentialAction\":[{\"@type\":\"ReadAction\",\"target\":[\"https:\/\/www.jcarmand.com\/forum\/plan-site-expert-comptable-paris\/\"]}]},{\"@type\":\"ImageObject\",\"inLanguage\":\"fr-FR\",\"@id\":\"https:\/\/www.jcarmand.com\/forum\/plan-site-expert-comptable-paris\/#primaryimage\",\"url\":\"https:\/\/www.jcarmand.com\/forum\/wp-content\/uploads\/2017\/07\/opengraph-forum-expert-comptable-paris.jpg\",\"contentUrl\":\"https:\/\/www.jcarmand.com\/forum\/wp-content\/uploads\/2017\/07\/opengraph-forum-expert-comptable-paris.jpg\",\"width\":600,\"height\":314},{\"@type\":\"BreadcrumbList\",\"@id\":\"https:\/\/www.jcarmand.com\/forum\/plan-site-expert-comptable-paris\/#breadcrumb\",\"itemListElement\":[{\"@type\":\"ListItem\",\"position\":1,\"name\":\"Accueil\",\"item\":\"https:\/\/www.jcarmand.com\/forum\/\"},{\"@type\":\"ListItem\",\"position\":2,\"name\":\"Plan du site\"}]},{\"@type\":\"WebSite\",\"@id\":\"https:\/\/www.jcarmand.com\/forum\/#website\",\"url\":\"https:\/\/www.jcarmand.com\/forum\/\",\"name\":\"Forum Expert-Comptable Paris - Jean-Claude Armand &amp; Associ\u00e9s\",\"description\":\"Posez vos questions \u00e0 nos expert-comptables\",\"potentialAction\":[{\"@type\":\"SearchAction\",\"target\":{\"@type\":\"EntryPoint\",\"urlTemplate\":\"https:\/\/www.jcarmand.com\/forum\/?s={search_term_string}\"},\"query-input\":{\"@type\":\"PropertyValueSpecification\",\"valueRequired\":true,\"valueName\":\"search_term_string\"}}],\"inLanguage\":\"fr-FR\"}]}<\/script>\n<!-- \/ Yoast SEO plugin. -->","yoast_head_json":{"title":"Plan du site - Forum Expert-Comptable Paris - Jean-Claude Armand &amp; Associ\u00e9s","description":"Plan du Site du Forum de JCA & Associ\u00e9s, forum expert-comptable Paris. Espace d'\u00e9changes gratuit sur la fiscalit\u00e9, la finance et l'expertise-comptable.","robots":{"index":"index","follow":"follow","max-snippet":"max-snippet:-1","max-image-preview":"max-image-preview:large","max-video-preview":"max-video-preview:-1"},"canonical":"https:\/\/www.jcarmand.com\/forum\/plan-site-expert-comptable-paris\/","og_locale":"fr_FR","og_type":"article","og_title":"Plan du site - Forum Expert-Comptable Paris - Jean-Claude Armand &amp; Associ\u00e9s","og_description":"Plan du Site du Forum de JCA & Associ\u00e9s, forum expert-comptable Paris. Espace d'\u00e9changes gratuit sur la fiscalit\u00e9, la finance et l'expertise-comptable.","og_url":"https:\/\/www.jcarmand.com\/forum\/plan-site-expert-comptable-paris\/","og_site_name":"Forum Expert-Comptable Paris - Jean-Claude Armand &amp; Associ\u00e9s","article_publisher":"https:\/\/www.facebook.com\/jcarmand.associes","article_modified_time":"2017-09-15T13:29:44+00:00","og_image":[{"width":600,"height":314,"url":"https:\/\/www.jcarmand.com\/forum\/wp-content\/uploads\/2017\/07\/opengraph-forum-expert-comptable-paris.jpg","type":"image\/jpeg"}],"twitter_card":"summary_large_image","twitter_site":"@ArmandJca","schema":{"@context":"https:\/\/schema.org","@graph":[{"@type":"WebPage","@id":"https:\/\/www.jcarmand.com\/forum\/plan-site-expert-comptable-paris\/","url":"https:\/\/www.jcarmand.com\/forum\/plan-site-expert-comptable-paris\/","name":"Plan du site - Forum Expert-Comptable Paris - Jean-Claude Armand &amp; Associ\u00e9s","isPartOf":{"@id":"https:\/\/www.jcarmand.com\/forum\/#website"},"primaryImageOfPage":{"@id":"https:\/\/www.jcarmand.com\/forum\/plan-site-expert-comptable-paris\/#primaryimage"},"image":{"@id":"https:\/\/www.jcarmand.com\/forum\/plan-site-expert-comptable-paris\/#primaryimage"},"thumbnailUrl":"https:\/\/www.jcarmand.com\/forum\/wp-content\/uploads\/2017\/07\/opengraph-forum-expert-comptable-paris.jpg","datePublished":"2017-07-14T09:51:52+00:00","dateModified":"2017-09-15T13:29:44+00:00","description":"Plan du Site du Forum de JCA & Associ\u00e9s, forum expert-comptable Paris. Espace d'\u00e9changes gratuit sur la fiscalit\u00e9, la finance et l'expertise-comptable.","breadcrumb":{"@id":"https:\/\/www.jcarmand.com\/forum\/plan-site-expert-comptable-paris\/#breadcrumb"},"inLanguage":"fr-FR","potentialAction":[{"@type":"ReadAction","target":["https:\/\/www.jcarmand.com\/forum\/plan-site-expert-comptable-paris\/"]}]},{"@type":"ImageObject","inLanguage":"fr-FR","@id":"https:\/\/www.jcarmand.com\/forum\/plan-site-expert-comptable-paris\/#primaryimage","url":"https:\/\/www.jcarmand.com\/forum\/wp-content\/uploads\/2017\/07\/opengraph-forum-expert-comptable-paris.jpg","contentUrl":"https:\/\/www.jcarmand.com\/forum\/wp-content\/uploads\/2017\/07\/opengraph-forum-expert-comptable-paris.jpg","width":600,"height":314},{"@type":"BreadcrumbList","@id":"https:\/\/www.jcarmand.com\/forum\/plan-site-expert-comptable-paris\/#breadcrumb","itemListElement":[{"@type":"ListItem","position":1,"name":"Accueil","item":"https:\/\/www.jcarmand.com\/forum\/"},{"@type":"ListItem","position":2,"name":"Plan du site"}]},{"@type":"WebSite","@id":"https:\/\/www.jcarmand.com\/forum\/#website","url":"https:\/\/www.jcarmand.com\/forum\/","name":"Forum Expert-Comptable Paris - Jean-Claude Armand &amp; Associ\u00e9s","description":"Posez vos questions \u00e0 nos expert-comptables","potentialAction":[{"@type":"SearchAction","target":{"@type":"EntryPoint","urlTemplate":"https:\/\/www.jcarmand.com\/forum\/?s={search_term_string}"},"query-input":{"@type":"PropertyValueSpecification","valueRequired":true,"valueName":"search_term_string"}}],"inLanguage":"fr-FR"}]}},"_links":{"self":[{"href":"https:\/\/www.jcarmand.com\/forum\/wp-json\/wp\/v2\/pages\/7","targetHints":{"allow":["GET"]}}],"collection":[{"href":"https:\/\/www.jcarmand.com\/forum\/wp-json\/wp\/v2\/pages"}],"about":[{"href":"https:\/\/www.jcarmand.com\/forum\/wp-json\/wp\/v2\/types\/page"}],"author":[{"embeddable":true,"href":"https:\/\/www.jcarmand.com\/forum\/wp-json\/wp\/v2\/users\/1"}],"replies":[{"embeddable":true,"href":"https:\/\/www.jcarmand.com\/forum\/wp-json\/wp\/v2\/comments?post=7"}],"version-history":[{"count":2,"href":"https:\/\/www.jcarmand.com\/forum\/wp-json\/wp\/v2\/pages\/7\/revisions"}],"predecessor-version":[{"id":13,"href":"https:\/\/www.jcarmand.com\/forum\/wp-json\/wp\/v2\/pages\/7\/revisions\/13"}],"wp:featuredmedia":[{"embeddable":true,"href":"https:\/\/www.jcarmand.com\/forum\/wp-json\/wp\/v2\/media\/57"}],"wp:attachment":[{"href":"https:\/\/www.jcarmand.com\/forum\/wp-json\/wp\/v2\/media?parent=7"}],"curies":[{"name":"wp","href":"https:\/\/api.w.org\/{rel}","templated":true}]}}