{"id":25,"date":"2017-07-14T12:13:43","date_gmt":"2017-07-14T10:13:43","guid":{"rendered":"http:\/\/jcarmand.com\/forum\/threads-index\/"},"modified":"2017-09-15T16:00:55","modified_gmt":"2017-09-15T14:00:55","slug":"forum-expert-comptable-paris-jca-associes","status":"publish","type":"page","link":"https:\/\/www.jcarmand.com\/forum\/","title":{"rendered":"Forum Expert-Comptable Paris &#8211; JCA &#038; Associ\u00e9s"},"content":{"rendered":"<p>Bienvenue sur le Forum de JCA &#038; Associ\u00e9s, premier espace d&rsquo;\u00e9change et de d\u00e9bat sur l&rsquo;actualit\u00e9 juridique, fiscale et sur l&rsquo;expertise-comptable. N&rsquo;h\u00e9sitez pas \u00e0 participer \u00e0 nos discussions en les s\u00e9lectionnant ci-dessous puis cr\u00e9ez-vous un compte afin de nous envoyer votre message ! C&rsquo;est simple et gratuit. Nos experts vous r\u00e9pondrons sous 24h.<\/p>\n","protected":false},"excerpt":{"rendered":"<p>Bienvenue sur le Forum de JCA &#038; Associ\u00e9s, premier espace d&rsquo;\u00e9change et de d\u00e9bat sur l&rsquo;actualit\u00e9 juridique, fiscale et sur l&rsquo;expertise-comptable. N&rsquo;h\u00e9sitez pas \u00e0 participer \u00e0 nos discussions en les s\u00e9lectionnant ci-dessous puis cr\u00e9ez-vous un compte afin de nous envoyer votre message ! C&rsquo;est simple et gratuit. Nos experts vous r\u00e9pondrons sous 24h.<\/p>\n","protected":false},"author":1,"featured_media":52,"parent":0,"menu_order":0,"comment_status":"closed","ping_status":"closed","template":"","meta":{"footnotes":""},"class_list":["post-25","page","type-page","status-publish","has-post-thumbnail","hentry"],"yoast_head":"<!-- This site is optimized with the Yoast SEO plugin v23.8 - https:\/\/yoast.com\/wordpress\/plugins\/seo\/ -->\n<title>Forum Expert-Comptable Paris - JCA &amp; Associ\u00e9s<\/title>\n<meta name=\"description\" content=\"Forum JCA &amp; Associ\u00e9s, premier forum expert-comptable Paris. Espace d&#039;\u00e9changes gratuit sur la fiscalit\u00e9, la finance et l&#039;expertise-comptable.\" \/>\n<meta name=\"robots\" content=\"index, follow, max-snippet:-1, max-image-preview:large, max-video-preview:-1\" \/>\n<link rel=\"canonical\" href=\"https:\/\/www.jcarmand.com\/forum\/\" \/>\n<meta property=\"og:locale\" content=\"fr_FR\" \/>\n<meta property=\"og:type\" content=\"article\" \/>\n<meta property=\"og:title\" content=\"Forum Expert-Comptable Paris - JCA &amp; Associ\u00e9s\" \/>\n<meta property=\"og:description\" content=\"Forum JCA &amp; Associ\u00e9s, premier forum expert-comptable Paris. Espace d&#039;\u00e9changes gratuit sur la fiscalit\u00e9, la finance et l&#039;expertise-comptable.\" \/>\n<meta property=\"og:url\" content=\"https:\/\/www.jcarmand.com\/forum\/\" \/>\n<meta property=\"og:site_name\" content=\"Forum Expert-Comptable Paris - Jean-Claude Armand &amp; Associ\u00e9s\" \/>\n<meta property=\"article:publisher\" content=\"https:\/\/www.facebook.com\/jcarmand.associes\" \/>\n<meta property=\"article:modified_time\" content=\"2017-09-15T14:00:55+00:00\" \/>\n<meta property=\"og:image\" content=\"https:\/\/www.jcarmand.com\/forum\/wp-content\/uploads\/2017\/07\/opengraph-jean-claude-armand-facebook.jpg\" \/>\n\t<meta property=\"og:image:width\" content=\"600\" \/>\n\t<meta property=\"og:image:height\" content=\"314\" \/>\n\t<meta property=\"og:image:type\" content=\"image\/jpeg\" \/>\n<meta name=\"twitter:card\" content=\"summary_large_image\" \/>\n<meta name=\"twitter:site\" content=\"@ArmandJca\" \/>\n<script type=\"application\/ld+json\" class=\"yoast-schema-graph\">{\"@context\":\"https:\/\/schema.org\",\"@graph\":[{\"@type\":\"WebPage\",\"@id\":\"https:\/\/www.jcarmand.com\/forum\/\",\"url\":\"https:\/\/www.jcarmand.com\/forum\/\",\"name\":\"Forum Expert-Comptable Paris - JCA & Associ\u00e9s\",\"isPartOf\":{\"@id\":\"https:\/\/www.jcarmand.com\/forum\/#website\"},\"primaryImageOfPage\":{\"@id\":\"https:\/\/www.jcarmand.com\/forum\/#primaryimage\"},\"image\":{\"@id\":\"https:\/\/www.jcarmand.com\/forum\/#primaryimage\"},\"thumbnailUrl\":\"https:\/\/www.jcarmand.com\/forum\/wp-content\/uploads\/2017\/07\/opengraph-jean-claude-armand-facebook.jpg\",\"datePublished\":\"2017-07-14T10:13:43+00:00\",\"dateModified\":\"2017-09-15T14:00:55+00:00\",\"description\":\"Forum JCA & Associ\u00e9s, premier forum expert-comptable Paris. Espace d'\u00e9changes gratuit sur la fiscalit\u00e9, la finance et l'expertise-comptable.\",\"breadcrumb\":{\"@id\":\"https:\/\/www.jcarmand.com\/forum\/#breadcrumb\"},\"inLanguage\":\"fr-FR\",\"potentialAction\":[{\"@type\":\"ReadAction\",\"target\":[\"https:\/\/www.jcarmand.com\/forum\/\"]}]},{\"@type\":\"ImageObject\",\"inLanguage\":\"fr-FR\",\"@id\":\"https:\/\/www.jcarmand.com\/forum\/#primaryimage\",\"url\":\"https:\/\/www.jcarmand.com\/forum\/wp-content\/uploads\/2017\/07\/opengraph-jean-claude-armand-facebook.jpg\",\"contentUrl\":\"https:\/\/www.jcarmand.com\/forum\/wp-content\/uploads\/2017\/07\/opengraph-jean-claude-armand-facebook.jpg\",\"width\":600,\"height\":314},{\"@type\":\"BreadcrumbList\",\"@id\":\"https:\/\/www.jcarmand.com\/forum\/#breadcrumb\",\"itemListElement\":[{\"@type\":\"ListItem\",\"position\":1,\"name\":\"Accueil\",\"item\":\"https:\/\/www.jcarmand.com\/forum\/\"},{\"@type\":\"ListItem\",\"position\":2,\"name\":\"Forum Expert-Comptable Paris &#8211; JCA &#038; Associ\u00e9s\"}]},{\"@type\":\"WebSite\",\"@id\":\"https:\/\/www.jcarmand.com\/forum\/#website\",\"url\":\"https:\/\/www.jcarmand.com\/forum\/\",\"name\":\"Forum Expert-Comptable Paris - Jean-Claude Armand &amp; Associ\u00e9s\",\"description\":\"Posez vos questions \u00e0 nos expert-comptables\",\"potentialAction\":[{\"@type\":\"SearchAction\",\"target\":{\"@type\":\"EntryPoint\",\"urlTemplate\":\"https:\/\/www.jcarmand.com\/forum\/?s={search_term_string}\"},\"query-input\":{\"@type\":\"PropertyValueSpecification\",\"valueRequired\":true,\"valueName\":\"search_term_string\"}}],\"inLanguage\":\"fr-FR\"}]}<\/script>\n<!-- \/ Yoast SEO plugin. -->","yoast_head_json":{"title":"Forum Expert-Comptable Paris - JCA & Associ\u00e9s","description":"Forum JCA & Associ\u00e9s, premier forum expert-comptable Paris. Espace d'\u00e9changes gratuit sur la fiscalit\u00e9, la finance et l'expertise-comptable.","robots":{"index":"index","follow":"follow","max-snippet":"max-snippet:-1","max-image-preview":"max-image-preview:large","max-video-preview":"max-video-preview:-1"},"canonical":"https:\/\/www.jcarmand.com\/forum\/","og_locale":"fr_FR","og_type":"article","og_title":"Forum Expert-Comptable Paris - JCA & Associ\u00e9s","og_description":"Forum JCA & Associ\u00e9s, premier forum expert-comptable Paris. Espace d'\u00e9changes gratuit sur la fiscalit\u00e9, la finance et l'expertise-comptable.","og_url":"https:\/\/www.jcarmand.com\/forum\/","og_site_name":"Forum Expert-Comptable Paris - Jean-Claude Armand &amp; Associ\u00e9s","article_publisher":"https:\/\/www.facebook.com\/jcarmand.associes","article_modified_time":"2017-09-15T14:00:55+00:00","og_image":[{"width":600,"height":314,"url":"https:\/\/www.jcarmand.com\/forum\/wp-content\/uploads\/2017\/07\/opengraph-jean-claude-armand-facebook.jpg","type":"image\/jpeg"}],"twitter_card":"summary_large_image","twitter_site":"@ArmandJca","schema":{"@context":"https:\/\/schema.org","@graph":[{"@type":"WebPage","@id":"https:\/\/www.jcarmand.com\/forum\/","url":"https:\/\/www.jcarmand.com\/forum\/","name":"Forum Expert-Comptable Paris - JCA & Associ\u00e9s","isPartOf":{"@id":"https:\/\/www.jcarmand.com\/forum\/#website"},"primaryImageOfPage":{"@id":"https:\/\/www.jcarmand.com\/forum\/#primaryimage"},"image":{"@id":"https:\/\/www.jcarmand.com\/forum\/#primaryimage"},"thumbnailUrl":"https:\/\/www.jcarmand.com\/forum\/wp-content\/uploads\/2017\/07\/opengraph-jean-claude-armand-facebook.jpg","datePublished":"2017-07-14T10:13:43+00:00","dateModified":"2017-09-15T14:00:55+00:00","description":"Forum JCA & Associ\u00e9s, premier forum expert-comptable Paris. Espace d'\u00e9changes gratuit sur la fiscalit\u00e9, la finance et l'expertise-comptable.","breadcrumb":{"@id":"https:\/\/www.jcarmand.com\/forum\/#breadcrumb"},"inLanguage":"fr-FR","potentialAction":[{"@type":"ReadAction","target":["https:\/\/www.jcarmand.com\/forum\/"]}]},{"@type":"ImageObject","inLanguage":"fr-FR","@id":"https:\/\/www.jcarmand.com\/forum\/#primaryimage","url":"https:\/\/www.jcarmand.com\/forum\/wp-content\/uploads\/2017\/07\/opengraph-jean-claude-armand-facebook.jpg","contentUrl":"https:\/\/www.jcarmand.com\/forum\/wp-content\/uploads\/2017\/07\/opengraph-jean-claude-armand-facebook.jpg","width":600,"height":314},{"@type":"BreadcrumbList","@id":"https:\/\/www.jcarmand.com\/forum\/#breadcrumb","itemListElement":[{"@type":"ListItem","position":1,"name":"Accueil","item":"https:\/\/www.jcarmand.com\/forum\/"},{"@type":"ListItem","position":2,"name":"Forum Expert-Comptable Paris &#8211; JCA &#038; Associ\u00e9s"}]},{"@type":"WebSite","@id":"https:\/\/www.jcarmand.com\/forum\/#website","url":"https:\/\/www.jcarmand.com\/forum\/","name":"Forum Expert-Comptable Paris - Jean-Claude Armand &amp; Associ\u00e9s","description":"Posez vos questions \u00e0 nos expert-comptables","potentialAction":[{"@type":"SearchAction","target":{"@type":"EntryPoint","urlTemplate":"https:\/\/www.jcarmand.com\/forum\/?s={search_term_string}"},"query-input":{"@type":"PropertyValueSpecification","valueRequired":true,"valueName":"search_term_string"}}],"inLanguage":"fr-FR"}]}},"_links":{"self":[{"href":"https:\/\/www.jcarmand.com\/forum\/wp-json\/wp\/v2\/pages\/25","targetHints":{"allow":["GET"]}}],"collection":[{"href":"https:\/\/www.jcarmand.com\/forum\/wp-json\/wp\/v2\/pages"}],"about":[{"href":"https:\/\/www.jcarmand.com\/forum\/wp-json\/wp\/v2\/types\/page"}],"author":[{"embeddable":true,"href":"https:\/\/www.jcarmand.com\/forum\/wp-json\/wp\/v2\/users\/1"}],"replies":[{"embeddable":true,"href":"https:\/\/www.jcarmand.com\/forum\/wp-json\/wp\/v2\/comments?post=25"}],"version-history":[{"count":3,"href":"https:\/\/www.jcarmand.com\/forum\/wp-json\/wp\/v2\/pages\/25\/revisions"}],"predecessor-version":[{"id":75,"href":"https:\/\/www.jcarmand.com\/forum\/wp-json\/wp\/v2\/pages\/25\/revisions\/75"}],"wp:featuredmedia":[{"embeddable":true,"href":"https:\/\/www.jcarmand.com\/forum\/wp-json\/wp\/v2\/media\/52"}],"wp:attachment":[{"href":"https:\/\/www.jcarmand.com\/forum\/wp-json\/wp\/v2\/media?parent=25"}],"curies":[{"name":"wp","href":"https:\/\/api.w.org\/{rel}","templated":true}]}}