{"id":21,"date":"2017-07-14T12:13:43","date_gmt":"2017-07-14T10:13:43","guid":{"rendered":"http:\/\/jcarmand.com\/forum\/create-new-password\/"},"modified":"2017-09-15T14:57:21","modified_gmt":"2017-09-15T12:57:21","slug":"create-new-password","status":"publish","type":"page","link":"https:\/\/www.jcarmand.com\/forum\/create-new-password\/","title":{"rendered":"Cr\u00e9er nouveau mot de passe"},"content":{"rendered":"","protected":false},"excerpt":{"rendered":"","protected":false},"author":1,"featured_media":0,"parent":0,"menu_order":0,"comment_status":"closed","ping_status":"closed","template":"","meta":{"footnotes":""},"class_list":["post-21","page","type-page","status-publish","hentry"],"yoast_head":"<!-- This site is optimized with the Yoast SEO plugin v23.8 - https:\/\/yoast.com\/wordpress\/plugins\/seo\/ -->\n<title>Cr\u00e9er nouveau mot de passe - Forum Expert-Comptable Paris - Jean-Claude Armand &amp; Associ\u00e9s<\/title>\n<meta name=\"robots\" content=\"noindex, nofollow\" \/>\n<meta property=\"og:locale\" content=\"fr_FR\" \/>\n<meta property=\"og:type\" content=\"article\" \/>\n<meta property=\"og:title\" content=\"Cr\u00e9er nouveau mot de passe - Forum Expert-Comptable Paris - Jean-Claude Armand &amp; Associ\u00e9s\" \/>\n<meta property=\"og:url\" content=\"https:\/\/www.jcarmand.com\/forum\/create-new-password\/\" \/>\n<meta property=\"og:site_name\" content=\"Forum Expert-Comptable Paris - Jean-Claude Armand &amp; Associ\u00e9s\" \/>\n<meta property=\"article:publisher\" content=\"https:\/\/www.facebook.com\/jcarmand.associes\" \/>\n<meta property=\"article:modified_time\" content=\"2017-09-15T12:57:21+00:00\" \/>\n<meta name=\"twitter:card\" content=\"summary_large_image\" \/>\n<meta name=\"twitter:site\" content=\"@ArmandJca\" \/>\n<script type=\"application\/ld+json\" class=\"yoast-schema-graph\">{\"@context\":\"https:\/\/schema.org\",\"@graph\":[{\"@type\":\"WebPage\",\"@id\":\"https:\/\/www.jcarmand.com\/forum\/create-new-password\/\",\"url\":\"https:\/\/www.jcarmand.com\/forum\/create-new-password\/\",\"name\":\"Cr\u00e9er nouveau mot de passe - Forum Expert-Comptable Paris - Jean-Claude Armand &amp; Associ\u00e9s\",\"isPartOf\":{\"@id\":\"https:\/\/www.jcarmand.com\/forum\/#website\"},\"datePublished\":\"2017-07-14T10:13:43+00:00\",\"dateModified\":\"2017-09-15T12:57:21+00:00\",\"breadcrumb\":{\"@id\":\"https:\/\/www.jcarmand.com\/forum\/create-new-password\/#breadcrumb\"},\"inLanguage\":\"fr-FR\",\"potentialAction\":[{\"@type\":\"ReadAction\",\"target\":[\"https:\/\/www.jcarmand.com\/forum\/create-new-password\/\"]}]},{\"@type\":\"BreadcrumbList\",\"@id\":\"https:\/\/www.jcarmand.com\/forum\/create-new-password\/#breadcrumb\",\"itemListElement\":[{\"@type\":\"ListItem\",\"position\":1,\"name\":\"Accueil\",\"item\":\"https:\/\/www.jcarmand.com\/forum\/\"},{\"@type\":\"ListItem\",\"position\":2,\"name\":\"Cr\u00e9er nouveau mot de passe\"}]},{\"@type\":\"WebSite\",\"@id\":\"https:\/\/www.jcarmand.com\/forum\/#website\",\"url\":\"https:\/\/www.jcarmand.com\/forum\/\",\"name\":\"Forum Expert-Comptable Paris - Jean-Claude Armand &amp; Associ\u00e9s\",\"description\":\"Posez vos questions \u00e0 nos expert-comptables\",\"potentialAction\":[{\"@type\":\"SearchAction\",\"target\":{\"@type\":\"EntryPoint\",\"urlTemplate\":\"https:\/\/www.jcarmand.com\/forum\/?s={search_term_string}\"},\"query-input\":{\"@type\":\"PropertyValueSpecification\",\"valueRequired\":true,\"valueName\":\"search_term_string\"}}],\"inLanguage\":\"fr-FR\"}]}<\/script>\n<!-- \/ Yoast SEO plugin. -->","yoast_head_json":{"title":"Cr\u00e9er nouveau mot de passe - Forum Expert-Comptable Paris - Jean-Claude Armand &amp; Associ\u00e9s","robots":{"index":"noindex","follow":"nofollow"},"og_locale":"fr_FR","og_type":"article","og_title":"Cr\u00e9er nouveau mot de passe - Forum Expert-Comptable Paris - Jean-Claude Armand &amp; Associ\u00e9s","og_url":"https:\/\/www.jcarmand.com\/forum\/create-new-password\/","og_site_name":"Forum Expert-Comptable Paris - Jean-Claude Armand &amp; Associ\u00e9s","article_publisher":"https:\/\/www.facebook.com\/jcarmand.associes","article_modified_time":"2017-09-15T12:57:21+00:00","twitter_card":"summary_large_image","twitter_site":"@ArmandJca","schema":{"@context":"https:\/\/schema.org","@graph":[{"@type":"WebPage","@id":"https:\/\/www.jcarmand.com\/forum\/create-new-password\/","url":"https:\/\/www.jcarmand.com\/forum\/create-new-password\/","name":"Cr\u00e9er nouveau mot de passe - Forum Expert-Comptable Paris - Jean-Claude Armand &amp; Associ\u00e9s","isPartOf":{"@id":"https:\/\/www.jcarmand.com\/forum\/#website"},"datePublished":"2017-07-14T10:13:43+00:00","dateModified":"2017-09-15T12:57:21+00:00","breadcrumb":{"@id":"https:\/\/www.jcarmand.com\/forum\/create-new-password\/#breadcrumb"},"inLanguage":"fr-FR","potentialAction":[{"@type":"ReadAction","target":["https:\/\/www.jcarmand.com\/forum\/create-new-password\/"]}]},{"@type":"BreadcrumbList","@id":"https:\/\/www.jcarmand.com\/forum\/create-new-password\/#breadcrumb","itemListElement":[{"@type":"ListItem","position":1,"name":"Accueil","item":"https:\/\/www.jcarmand.com\/forum\/"},{"@type":"ListItem","position":2,"name":"Cr\u00e9er nouveau mot de passe"}]},{"@type":"WebSite","@id":"https:\/\/www.jcarmand.com\/forum\/#website","url":"https:\/\/www.jcarmand.com\/forum\/","name":"Forum Expert-Comptable Paris - Jean-Claude Armand &amp; Associ\u00e9s","description":"Posez vos questions \u00e0 nos expert-comptables","potentialAction":[{"@type":"SearchAction","target":{"@type":"EntryPoint","urlTemplate":"https:\/\/www.jcarmand.com\/forum\/?s={search_term_string}"},"query-input":{"@type":"PropertyValueSpecification","valueRequired":true,"valueName":"search_term_string"}}],"inLanguage":"fr-FR"}]}},"_links":{"self":[{"href":"https:\/\/www.jcarmand.com\/forum\/wp-json\/wp\/v2\/pages\/21","targetHints":{"allow":["GET"]}}],"collection":[{"href":"https:\/\/www.jcarmand.com\/forum\/wp-json\/wp\/v2\/pages"}],"about":[{"href":"https:\/\/www.jcarmand.com\/forum\/wp-json\/wp\/v2\/types\/page"}],"author":[{"embeddable":true,"href":"https:\/\/www.jcarmand.com\/forum\/wp-json\/wp\/v2\/users\/1"}],"replies":[{"embeddable":true,"href":"https:\/\/www.jcarmand.com\/forum\/wp-json\/wp\/v2\/comments?post=21"}],"version-history":[{"count":1,"href":"https:\/\/www.jcarmand.com\/forum\/wp-json\/wp\/v2\/pages\/21\/revisions"}],"predecessor-version":[{"id":64,"href":"https:\/\/www.jcarmand.com\/forum\/wp-json\/wp\/v2\/pages\/21\/revisions\/64"}],"wp:attachment":[{"href":"https:\/\/www.jcarmand.com\/forum\/wp-json\/wp\/v2\/media?parent=21"}],"curies":[{"name":"wp","href":"https:\/\/api.w.org\/{rel}","templated":true}]}}